{"id":70,"date":"2013-05-06T00:01:46","date_gmt":"2013-05-05T22:01:46","guid":{"rendered":"http:\/\/www.physio-altensteig.de\/wordpress\/?page_id=70"},"modified":"2026-02-22T19:59:14","modified_gmt":"2026-02-22T17:59:14","slug":"start","status":"publish","type":"page","link":"https:\/\/www.physio-altensteig.de\/","title":{"rendered":"Start"},"content":{"rendered":"\n<p>Liebe Patientinnen und Patienten,<\/p>\n\n\n\n<p>meine Privatpraxis f\u00fcr Physiotherapie in Altensteig, Markgrafenweg 32, habe ich im Februar 2026 er\u00f6ffnet.<\/p>\n\n\n\n<p>Termine k\u00f6nnen ab sofort unter der Telefonnummer 07453 &#8211; 930 320 oder \u00fcber das <a href=\"https:\/\/www.physio-altensteig.de\/?page_id=16\">Kontaktformular<\/a> vereinbart werden.<br><br><\/p>\n","protected":false},"excerpt":{"rendered":"<p>Liebe Patientinnen und Patienten, meine Privatpraxis f\u00fcr Physiotherapie in Altensteig, Markgrafenweg 32, habe ich im Februar 2026 er\u00f6ffnet. Termine k\u00f6nnen ab sofort unter der Telefonnummer 07453 &#8211; 930 320 oder \u00fcber das Kontaktformular vereinbart werden.<\/p>\n","protected":false},"author":1,"featured_media":0,"parent":0,"menu_order":0,"comment_status":"closed","ping_status":"closed","template":"","meta":{"footnotes":""},"class_list":["post-70","page","type-page","status-publish","hentry"],"_links":{"self":[{"href":"https:\/\/www.physio-altensteig.de\/index.php?rest_route=\/wp\/v2\/pages\/70","targetHints":{"allow":["GET"]}}],"collection":[{"href":"https:\/\/www.physio-altensteig.de\/index.php?rest_route=\/wp\/v2\/pages"}],"about":[{"href":"https:\/\/www.physio-altensteig.de\/index.php?rest_route=\/wp\/v2\/types\/page"}],"author":[{"embeddable":true,"href":"https:\/\/www.physio-altensteig.de\/index.php?rest_route=\/wp\/v2\/users\/1"}],"replies":[{"embeddable":true,"href":"https:\/\/www.physio-altensteig.de\/index.php?rest_route=%2Fwp%2Fv2%2Fcomments&post=70"}],"version-history":[{"count":52,"href":"https:\/\/www.physio-altensteig.de\/index.php?rest_route=\/wp\/v2\/pages\/70\/revisions"}],"predecessor-version":[{"id":455,"href":"https:\/\/www.physio-altensteig.de\/index.php?rest_route=\/wp\/v2\/pages\/70\/revisions\/455"}],"wp:attachment":[{"href":"https:\/\/www.physio-altensteig.de\/index.php?rest_route=%2Fwp%2Fv2%2Fmedia&parent=70"}],"curies":[{"name":"wp","href":"https:\/\/api.w.org\/{rel}","templated":true}]}}