{"id":2,"date":"2013-03-13T17:51:50","date_gmt":"2013-03-13T17:51:50","guid":{"rendered":"http:\/\/www.physio-altensteig.de\/wordpress\/?page_id=2"},"modified":"2026-01-04T21:58:09","modified_gmt":"2026-01-04T19:58:09","slug":"beispiel-seite","status":"publish","type":"page","link":"https:\/\/www.physio-altensteig.de\/?page_id=2","title":{"rendered":"Therapieangebot"},"content":{"rendered":"<h3><strong>Therapieangebot (mit Privatrezept)<\/strong><\/h3>\n<ul>\n<li><span class=\"collapseomatic noarrow\" id=\"id69e4e8931d9d2\"  tabindex=\"0\" title=\"&lt;strong&gt;Krankengymnastik&lt;\/strong&gt;\"    ><strong>Krankengymnastik<\/strong><\/span><div id=\"target-id69e4e8931d9d2\" class=\"collapseomatic_content \">Krankengymnastik (fr\u00fcher als Heilgymnastik bezeichnet) ist der planm\u00e4\u00dfige Einsatz vorwiegend aktiver Ma\u00dfnahmen unter der Anleitung eines Physiotherapeuten mit dem Ziel, Funktionsst\u00f6rungen des K\u00f6rpers und Fehlentwicklungen zu beseitigen oder zu vermeiden und Heilungsvorg\u00e4nge zu unterst\u00fctzen. Der Patient wird aktiv in den Heilungsprozess miteinbezogen, passive Ma\u00dfnahmen (wie z.B. Massagen) k\u00f6nnen die krankengymnastische Behandlung erg\u00e4nzen. Krankengymnastik findet Anwendung besonders in der Orthop\u00e4die (z.B. bei Gelenk- und Wirbels\u00e4ulenerkrankungen, Haltungsfehlern), Neurologie (z.B. bei Schlaganfallpatienten), Gyn\u00e4kologie (z.B. bei Schwangerschaften) und Chirurgie (z.B. nach Operationen des Bewegungsapparates). Sie wird vorbeugend, therapieunterst\u00fctzend und in der Rehabilitation eingesetzt. \u00dcber das Bewegungssystem erreicht der ganzheitliche Ansatz der Krankengymnastik auch Heilwirkungen bei inneren Erkrankungen (z.B. Kreislauf, Atmung). Die Krankengymnastik ist Teil der \u201ePhysiotherapie\u201c, die als Obergriff alle \u00e4u\u00dferlich angewandten Heilmittel beinhaltet (also auch Massagen, Thermotherapien, Elektrotherapie, Atemtherapie, Bewegungsb\u00e4der, R\u00fcckenschule, spezielle Behandlungsmethoden wie z.B.Bobath -, Vojta \u2013 Therapie oder PNF etc.).<\/div><\/li>\n<li><span class=\"collapseomatic noarrow\" id=\"id69e4e8931dabe\"  tabindex=\"0\" title=\"&lt;strong&gt;Manuelle Therapie&lt;\/strong&gt;\"    ><strong>Manuelle Therapie<\/strong><\/span><div id=\"target-id69e4e8931dabe\" class=\"collapseomatic_content \">Manuelle Therapie ist eine Untersuchungs- und Behandlungstechnik, die sich mit dem Auffinden und Behandeln von Funktionsst\u00f6rungen am Bewegungsapparat befasst.<br \/>\nDie Untersuchung erfolgt im Anschlu\u00df an die klinische Diagnostik und hat das Ziel betroffene Gewebestrukturen zu erkennen, die Aktualit\u00e4t der L\u00e4sion \u00fcber die Gewebsirritation zu bestimmen, sowie die Kausalit\u00e4t der Beschwerden aufzufinden.<br \/>\nDie Ursache der Beschwerden liegt h\u00e4ufig in einem Mi\u00dfverh\u00e4ltnis zwischen Belastbarkeit und Belastung.<br \/>\nSomit soll die Behandlung dieses Missverh\u00e4ltnis beheben und das physiologische Zusammenspiel zwischen Gelenken, Muskeln und neuralen Strukturen wieder herstellen.<br \/>\nDazu werden sowohl passive, mobilisierende Techniken durch den Therapeuten als auch aktive \u00dcbungen des Patienten zur Kr\u00e4ftigung und Stabilisation oder Eigenmobilisation eingesetzt.<br \/>\nDer Patient erh\u00e4lt zus\u00e4tzlich eine Anleitung zu Eigen\u00fcbungen, welche die Arbeit des Manualtherapeuten unterst\u00fctzen sollen.<\/div><\/li>\n<li><span class=\"collapseomatic noarrow\" id=\"id69e4e8931db2f\"  tabindex=\"0\" title=\"&lt;strong&gt;Manuelle Lymphdrainage&lt;\/strong&gt;\"    ><strong>Manuelle Lymphdrainage<\/strong><\/span><div id=\"target-id69e4e8931db2f\" class=\"collapseomatic_content \">Unter manueller Lymphdrainage versteht man das manuelle Abdrainieren (Ab- und Weiterf\u00fchrung) der Gewebsfl\u00fcssigkeit \u00fcber Lymphgef\u00e4\u00dfe. Sie basiert auf vier verschiedenen Grundgriffen, deren Bewegungsablauf nach einem gemeinsamen Grundschema abl\u00e4uft, n\u00e4mlich der Schub- und der Entspannungsphase. Der Druck der arbeitenden H\u00e4nde muss gut dosiert sein und es ist wichtig, eine dem Krankheitsbild entsprechende Reihenfolge der Griffabfolge einzuhalten. Zur Unterst\u00fctzung der Lymphdrainage und zur Konservierung des Behandlungserfolges ist es in der Regel notwendig, nach der Behandlung eine Kompressionsbestrumpfung oder Bandagierung vorzunehmen. Indikationen sind vor allem Lymph\u00f6deme, Phleb\u00f6deme und traumatische \u00d6deme.<\/div><\/li>\n<li><span class=\"collapseomatic noarrow\" id=\"id69e4e8931db95\"  tabindex=\"0\" title=\"&lt;strong&gt;Bobath - Therapie f\u00fcr Erwachsene&lt;\/strong&gt;\"    ><strong>Bobath - Therapie f\u00fcr Erwachsene<\/strong><\/span><div id=\"target-id69e4e8931db95\" class=\"collapseomatic_content \">Diese Methode wurde von Berta Bobath, Krankengymnastin, und ihrem Mann, Dr. Karel Bobath, entwickelt. Sie wird bei allen durch Sch\u00e4digung oder Erkrankung des Zentralnervensystems hervorgerufenen Bewegungsst\u00f6rungen angewandt (Halbseitenl\u00e4hmungen, Hirntumoren, Hirnverletzungen, Cerebralparesen, Spastik, MS, Parkinson).<br \/>\nDas Bobath-Konzept strebt einen Lernproze\u00df des Patienten an, um mit ihm die Kontrolle \u00fcber die Muskelspannung (Muskeltonus) und Bewegungsfunktionen wieder zu erarbeiten. Die Arbeitsprinzipien des Bobathkonzeptes sind Regulation des Muskeltonus und Anbahnung physiologischer Bewegungsabl\u00e4ufe.<\/div><\/li>\n<li><span class=\"collapseomatic noarrow\" id=\"id69e4e8931dbf8\"  tabindex=\"0\" title=\"&lt;strong&gt;Klassische Massage&lt;\/strong&gt;\"    ><strong>Klassische Massage<\/strong><\/span><div id=\"target-id69e4e8931dbf8\" class=\"collapseomatic_content \">Die klassische Massage dient vor allem zur Vorbeugung und Behandlung von Verspannungen der Muskulatur und auch zur Verbesserung der Durchblutung (von Haut u. Muskulatur).<br \/>\nDer Hauptzweck der Massage liegt darin, die Harmonie des Organismus durch regulierende Techniken der Ber\u00fchrung wiederherzustellen. W\u00e4hrend es bei den \u00f6stlichen Techniken wie Shiatsu oder Akupressur eher um die Wiederherstellung des inneren Gleichgewichts geht, bewirken die westlichen Massagetechniken eine direkte k\u00f6rperliche Reaktion. Techniken der klassischen Massage sind Streichungen, Knetungen, Reibungen , Klopfen und Klatschen.<\/div><\/li>\n<li><strong>Physikalische Therapie<\/strong>\n<ul>\n<li>W\u00e4rmebehandlung (Rotlicht, Naturmoor, hei\u00dfe Rolle)<\/li>\n<li>Eisbehandlung<\/li>\n<li>Elektrotherapie<\/li>\n<\/ul>\n<\/li>\n<li><strong>Hausbesuche<\/strong><\/li>\n<\/ul>\n<p>&nbsp;<\/p>\n<h3>Angebot ohne Rezept<\/h3>\n<ul>\n<li><strong>Wellness-R\u00fcckenmassage<br \/>\n<\/strong><em>Diese Anwendung dient der Entspannung der R\u00fcckenmuskulatur und dem allgemeinen Wohlbefinden. Keine therapeutische Behandlung.<\/em><\/li>\n<li><strong>W\u00e4rmeanwendung (Rotlicht oder Naturmoor)<\/strong><br \/>\n<em><em>Unterst\u00fctzt ein angenehmes, tiefes W\u00e4rme- und Entspannungsempfinden zur F\u00f6rderung von Regeneration und Wohlbefinden. Keine therapeutische Behandlung.<\/em><\/em><\/li>\n<li><strong>Geschenkgutschein<br \/>\n<\/strong><em>F\u00fcr Wellness-R\u00fcckenmassage oder\/und W\u00e4rmeanwendung<\/em><\/li>\n<\/ul>\n","protected":false},"excerpt":{"rendered":"<p>Therapieangebot (mit Privatrezept) Physikalische Therapie W\u00e4rmebehandlung (Rotlicht, Naturmoor, hei\u00dfe Rolle) Eisbehandlung Elektrotherapie Hausbesuche &nbsp; Angebot ohne Rezept Wellness-R\u00fcckenmassage Diese Anwendung dient der Entspannung der R\u00fcckenmuskulatur und dem allgemeinen Wohlbefinden. Keine therapeutische Behandlung. W\u00e4rmeanwendung (Rotlicht oder Naturmoor) Unterst\u00fctzt ein angenehmes, tiefes W\u00e4rme- und Entspannungsempfinden zur F\u00f6rderung von Regeneration und Wohlbefinden. Keine therapeutische Behandlung. Geschenkgutschein F\u00fcr Wellness-R\u00fcckenmassage &hellip; <a href=\"https:\/\/www.physio-altensteig.de\/?page_id=2\" class=\"more-link\"><span class=\"screen-reader-text\">Therapieangebot<\/span> weiterlesen <span class=\"meta-nav\">&rarr;<\/span><\/a><\/p>\n","protected":false},"author":1,"featured_media":0,"parent":0,"menu_order":0,"comment_status":"closed","ping_status":"closed","template":"","meta":{"footnotes":""},"class_list":["post-2","page","type-page","status-publish","hentry"],"_links":{"self":[{"href":"https:\/\/www.physio-altensteig.de\/index.php?rest_route=\/wp\/v2\/pages\/2","targetHints":{"allow":["GET"]}}],"collection":[{"href":"https:\/\/www.physio-altensteig.de\/index.php?rest_route=\/wp\/v2\/pages"}],"about":[{"href":"https:\/\/www.physio-altensteig.de\/index.php?rest_route=\/wp\/v2\/types\/page"}],"author":[{"embeddable":true,"href":"https:\/\/www.physio-altensteig.de\/index.php?rest_route=\/wp\/v2\/users\/1"}],"replies":[{"embeddable":true,"href":"https:\/\/www.physio-altensteig.de\/index.php?rest_route=%2Fwp%2Fv2%2Fcomments&post=2"}],"version-history":[{"count":55,"href":"https:\/\/www.physio-altensteig.de\/index.php?rest_route=\/wp\/v2\/pages\/2\/revisions"}],"predecessor-version":[{"id":403,"href":"https:\/\/www.physio-altensteig.de\/index.php?rest_route=\/wp\/v2\/pages\/2\/revisions\/403"}],"wp:attachment":[{"href":"https:\/\/www.physio-altensteig.de\/index.php?rest_route=%2Fwp%2Fv2%2Fmedia&parent=2"}],"curies":[{"name":"wp","href":"https:\/\/api.w.org\/{rel}","templated":true}]}}