{"id":12,"date":"2013-03-13T20:04:21","date_gmt":"2013-03-13T18:04:21","guid":{"rendered":"http:\/\/www.physio-altensteig.de\/wordpress\/?page_id=12"},"modified":"2026-02-22T18:34:45","modified_gmt":"2026-02-22T16:34:45","slug":"unsere-mitarbeiter","status":"publish","type":"page","link":"https:\/\/www.physio-altensteig.de\/?page_id=12","title":{"rendered":"Zu meiner Person"},"content":{"rendered":"\n<div class=\"wp-block-columns is-layout-flex wp-container-core-columns-is-layout-9d6595d7 wp-block-columns-is-layout-flex\">\n<div class=\"wp-block-column is-layout-flow wp-block-column-is-layout-flow\" style=\"flex-basis:33.33%\">\n<figure class=\"wp-block-image size-full\"><a href=\"https:\/\/www.physio-altensteig.de\/wordpress\/wp-content\/uploads\/2026\/01\/bine_name.jpg\"><img loading=\"lazy\" decoding=\"async\" width=\"308\" height=\"461\" src=\"https:\/\/www.physio-altensteig.de\/wordpress\/wp-content\/uploads\/2026\/01\/bine_name.jpg\" alt=\"\" class=\"wp-image-408\" srcset=\"https:\/\/www.physio-altensteig.de\/wordpress\/wp-content\/uploads\/2026\/01\/bine_name.jpg 308w, https:\/\/www.physio-altensteig.de\/wordpress\/wp-content\/uploads\/2026\/01\/bine_name-200x300.jpg 200w\" sizes=\"auto, (max-width: 308px) 100vw, 308px\" \/><\/a><\/figure>\n<\/div>\n\n\n\n<div class=\"wp-block-column is-vertically-aligned-center is-layout-flow wp-block-column-is-layout-flow\" style=\"flex-basis:66.66%\">\n<p>Ich bin Physiotherapeutin und hatte in Altensteig von 2000-2025 eine Praxis f\u00fcr Physiotherapie mit Kassenzulassung, zun\u00e4chst im Haus der Sparkasse und ab 2003 in der Rosenstra\u00dfe 55 (im Haus der Rosenapotheke). Ab Februar 2026 praktiziere ich in meiner Privatpraxis im Markgrafenweg 32 in der oberen Stadt in Altensteig.<\/p>\n<\/div>\n<\/div>\n\n\n\n<p><\/p>\n","protected":false},"excerpt":{"rendered":"<p>Ich bin Physiotherapeutin und hatte in Altensteig von 2000-2025 eine Praxis f\u00fcr Physiotherapie mit Kassenzulassung, zun\u00e4chst im Haus der Sparkasse und ab 2003 in der Rosenstra\u00dfe 55 (im Haus der Rosenapotheke). Ab Februar 2026 praktiziere ich in meiner Privatpraxis im Markgrafenweg 32 in der oberen Stadt in Altensteig.<\/p>\n","protected":false},"author":1,"featured_media":0,"parent":0,"menu_order":0,"comment_status":"closed","ping_status":"closed","template":"","meta":{"footnotes":""},"class_list":["post-12","page","type-page","status-publish","hentry"],"_links":{"self":[{"href":"https:\/\/www.physio-altensteig.de\/index.php?rest_route=\/wp\/v2\/pages\/12","targetHints":{"allow":["GET"]}}],"collection":[{"href":"https:\/\/www.physio-altensteig.de\/index.php?rest_route=\/wp\/v2\/pages"}],"about":[{"href":"https:\/\/www.physio-altensteig.de\/index.php?rest_route=\/wp\/v2\/types\/page"}],"author":[{"embeddable":true,"href":"https:\/\/www.physio-altensteig.de\/index.php?rest_route=\/wp\/v2\/users\/1"}],"replies":[{"embeddable":true,"href":"https:\/\/www.physio-altensteig.de\/index.php?rest_route=%2Fwp%2Fv2%2Fcomments&post=12"}],"version-history":[{"count":22,"href":"https:\/\/www.physio-altensteig.de\/index.php?rest_route=\/wp\/v2\/pages\/12\/revisions"}],"predecessor-version":[{"id":453,"href":"https:\/\/www.physio-altensteig.de\/index.php?rest_route=\/wp\/v2\/pages\/12\/revisions\/453"}],"wp:attachment":[{"href":"https:\/\/www.physio-altensteig.de\/index.php?rest_route=%2Fwp%2Fv2%2Fmedia&parent=12"}],"curies":[{"name":"wp","href":"https:\/\/api.w.org\/{rel}","templated":true}]}}